{"id":1212,"date":"2023-12-30T12:16:24","date_gmt":"2023-12-30T12:16:24","guid":{"rendered":"https:\/\/t-refinish.com\/product\/t-cup-2\/"},"modified":"2024-03-04T16:49:48","modified_gmt":"2024-03-04T16:49:48","slug":"t-cup-2","status":"publish","type":"product","link":"https:\/\/t-refinish.com\/de\/product\/t-cup-2\/","title":{"rendered":"T-Cup"},"content":{"rendered":"<h2>Einf\u00fchrungsangebot<\/h2>\n<p>Als Teil unserer speziellen Aktion bieten wir bis Ende Februar kostenlose Adapter bei jeder Bestellung an. Sie k\u00f6nnen aus den folgenden Marken w\u00e4hlen: Iwata Supernova WS400 | Iwata W400 | SATA | Devilbiss GTI\/DV1 | Devilbiss DV1S | Walcom Genesi | Sagola 3300G\/4100G\/4200G Indem Sie uns diese Informationen zur Verf\u00fcgung stellen, stellen wir sicher, dass wir den richtigen Adapter in Ihr Paket einschlie\u00dfen. Dieses Angebot ist nur bis Ende Februar g\u00fcltig, also verpassen Sie es nicht! Bestellen Sie noch heute und genie\u00dfen Sie die zus\u00e4tzliche Bequemlichkeit eines kostenlosen Adapters f\u00fcr Ihre Spritzpistole.<\/p>\n","protected":false},"excerpt":{"rendered":"<p>Die T-Cup ist eine Spr\u00fchbecher, die Ihr Lackierergebnis auf die n\u00e4chste Stufe bringt. In Zusammenarbeit mit Endbenutzern entwickelt, ist dieses System ma\u00dfgeschneidert, um Ihren spezifischen Anforderungen gerecht zu werden. Mit dieser Becher k\u00f6nnen Sie au\u00dfergew\u00f6hnliche Effizienz und makellose Ergebnisse erwarten, was eine hochwertige Lackierung garantiert.  <\/p>\n<p>Die T-Cup ist eine Spr\u00fchbecher, die Ihr Lackierergebnis auf die n\u00e4chste Stufe bringt. In Zusammenarbeit mit Endbenutzern entwickelt, ist dieses System ma\u00dfgeschneidert, um Ihren spezifischen Anforderungen gerecht zu werden. Mit dieser Becher k\u00f6nnen Sie au\u00dfergew\u00f6hnliche Effizienz und makellose Ergebnisse erwarten, was eine hochwertige Lackierung garantiert.  <\/p>\n<p>50 Deckel | 50 Innentassen | 20 Kappe | 1 Au\u00dfenbecher | 1 Schraubring<\/p>\n","protected":false},"featured_media":736,"template":"","meta":[],"product_cat":[72],"product_tag":[],"class_list":{"0":"post-1212","1":"product","2":"type-product","3":"status-publish","4":"has-post-thumbnail","6":"product_cat-nicht-kategorisiert","7":"product_shipping_class-doos-van-4","9":"first","10":"instock","11":"sale","12":"taxable","13":"shipping-taxable","14":"purchasable","15":"product-type-variable"},"acf":[],"yoast_head":"<!-- This site is optimized with the Yoast SEO plugin v23.5 - https:\/\/yoast.com\/wordpress\/plugins\/seo\/ -->\n<title>T-Cup - T-Refinish<\/title>\n<meta name=\"robots\" content=\"index, follow, max-snippet:-1, max-image-preview:large, max-video-preview:-1\" \/>\n<link rel=\"canonical\" href=\"https:\/\/t-refinish.com\/de\/product\/t-cup-2\/\" \/>\n<meta property=\"og:locale\" content=\"de_DE\" \/>\n<meta property=\"og:type\" content=\"article\" \/>\n<meta property=\"og:title\" content=\"T-Cup - T-Refinish\" \/>\n<meta property=\"og:description\" content=\"Holen Sie sich noch heute Ihren T-Cup!\" \/>\n<meta property=\"og:url\" content=\"https:\/\/t-refinish.com\/de\/product\/t-cup-2\/\" \/>\n<meta property=\"og:site_name\" content=\"T-Refinish\" \/>\n<meta property=\"article:publisher\" content=\"https:\/\/www.facebook.com\/trefinish\/\" \/>\n<meta property=\"article:modified_time\" content=\"2024-03-04T16:49:48+00:00\" \/>\n<meta property=\"og:image\" content=\"https:\/\/t-refinish.com\/wp-content\/uploads\/2023\/12\/CC600-800.png\" \/>\n\t<meta property=\"og:image:width\" content=\"800\" \/>\n\t<meta property=\"og:image:height\" content=\"800\" \/>\n\t<meta property=\"og:image:type\" content=\"image\/png\" \/>\n<meta name=\"twitter:card\" content=\"summary_large_image\" \/>\n<meta name=\"twitter:label1\" content=\"Gesch\u00e4tzte Lesezeit\" \/>\n\t<meta name=\"twitter:data1\" content=\"1\u00a0Minute\" \/>\n<script type=\"application\/ld+json\" class=\"yoast-schema-graph\">{\"@context\":\"https:\/\/schema.org\",\"@graph\":[{\"@type\":\"WebPage\",\"@id\":\"https:\/\/t-refinish.com\/de\/product\/t-cup-2\/\",\"url\":\"https:\/\/t-refinish.com\/de\/product\/t-cup-2\/\",\"name\":\"T-Cup - T-Refinish\",\"isPartOf\":{\"@id\":\"https:\/\/t-refinish.com\/#website\"},\"primaryImageOfPage\":{\"@id\":\"https:\/\/t-refinish.com\/de\/product\/t-cup-2\/#primaryimage\"},\"image\":{\"@id\":\"https:\/\/t-refinish.com\/de\/product\/t-cup-2\/#primaryimage\"},\"thumbnailUrl\":\"https:\/\/t-refinish.com\/wp-content\/uploads\/2023\/12\/CC600-800.png\",\"datePublished\":\"2023-12-30T12:16:24+00:00\",\"dateModified\":\"2024-03-04T16:49:48+00:00\",\"breadcrumb\":{\"@id\":\"https:\/\/t-refinish.com\/de\/product\/t-cup-2\/#breadcrumb\"},\"inLanguage\":\"de\",\"potentialAction\":[{\"@type\":\"ReadAction\",\"target\":[\"https:\/\/t-refinish.com\/de\/product\/t-cup-2\/\"]}]},{\"@type\":\"ImageObject\",\"inLanguage\":\"de\",\"@id\":\"https:\/\/t-refinish.com\/de\/product\/t-cup-2\/#primaryimage\",\"url\":\"https:\/\/t-refinish.com\/wp-content\/uploads\/2023\/12\/CC600-800.png\",\"contentUrl\":\"https:\/\/t-refinish.com\/wp-content\/uploads\/2023\/12\/CC600-800.png\",\"width\":800,\"height\":800},{\"@type\":\"BreadcrumbList\",\"@id\":\"https:\/\/t-refinish.com\/de\/product\/t-cup-2\/#breadcrumb\",\"itemListElement\":[{\"@type\":\"ListItem\",\"position\":1,\"name\":\"Home\",\"item\":\"https:\/\/t-refinish.com\/de\/home\/\"},{\"@type\":\"ListItem\",\"position\":2,\"name\":\"Shop\",\"item\":\"https:\/\/t-refinish.com\/de\/shop-2\/\"},{\"@type\":\"ListItem\",\"position\":3,\"name\":\"T-Cup\"}]},{\"@type\":\"WebSite\",\"@id\":\"https:\/\/t-refinish.com\/#website\",\"url\":\"https:\/\/t-refinish.com\/\",\"name\":\"T-Refinish\",\"description\":\"\",\"publisher\":{\"@id\":\"https:\/\/t-refinish.com\/#organization\"},\"potentialAction\":[{\"@type\":\"SearchAction\",\"target\":{\"@type\":\"EntryPoint\",\"urlTemplate\":\"https:\/\/t-refinish.com\/?s={search_term_string}\"},\"query-input\":{\"@type\":\"PropertyValueSpecification\",\"valueRequired\":true,\"valueName\":\"search_term_string\"}}],\"inLanguage\":\"de\"},{\"@type\":\"Organization\",\"@id\":\"https:\/\/t-refinish.com\/#organization\",\"name\":\"T-Refinish\",\"url\":\"https:\/\/t-refinish.com\/\",\"logo\":{\"@type\":\"ImageObject\",\"inLanguage\":\"de\",\"@id\":\"https:\/\/t-refinish.com\/#\/schema\/logo\/image\/\",\"url\":\"https:\/\/t-refinish.com\/wp-content\/uploads\/2024\/01\/t-refinish-logo-small.png\",\"contentUrl\":\"https:\/\/t-refinish.com\/wp-content\/uploads\/2024\/01\/t-refinish-logo-small.png\",\"width\":1024,\"height\":204,\"caption\":\"T-Refinish\"},\"image\":{\"@id\":\"https:\/\/t-refinish.com\/#\/schema\/logo\/image\/\"},\"sameAs\":[\"https:\/\/www.facebook.com\/trefinish\/\"]}]}<\/script>\n<!-- \/ Yoast SEO plugin. -->","yoast_head_json":{"title":"T-Cup - T-Refinish","robots":{"index":"index","follow":"follow","max-snippet":"max-snippet:-1","max-image-preview":"max-image-preview:large","max-video-preview":"max-video-preview:-1"},"canonical":"https:\/\/t-refinish.com\/de\/product\/t-cup-2\/","og_locale":"de_DE","og_type":"article","og_title":"T-Cup - T-Refinish","og_description":"Holen Sie sich noch heute Ihren T-Cup!","og_url":"https:\/\/t-refinish.com\/de\/product\/t-cup-2\/","og_site_name":"T-Refinish","article_publisher":"https:\/\/www.facebook.com\/trefinish\/","article_modified_time":"2024-03-04T16:49:48+00:00","og_image":[{"width":800,"height":800,"url":"https:\/\/t-refinish.com\/wp-content\/uploads\/2023\/12\/CC600-800.png","type":"image\/png"}],"twitter_card":"summary_large_image","twitter_misc":{"Gesch\u00e4tzte Lesezeit":"1\u00a0Minute"},"schema":{"@context":"https:\/\/schema.org","@graph":[{"@type":"WebPage","@id":"https:\/\/t-refinish.com\/de\/product\/t-cup-2\/","url":"https:\/\/t-refinish.com\/de\/product\/t-cup-2\/","name":"T-Cup - T-Refinish","isPartOf":{"@id":"https:\/\/t-refinish.com\/#website"},"primaryImageOfPage":{"@id":"https:\/\/t-refinish.com\/de\/product\/t-cup-2\/#primaryimage"},"image":{"@id":"https:\/\/t-refinish.com\/de\/product\/t-cup-2\/#primaryimage"},"thumbnailUrl":"https:\/\/t-refinish.com\/wp-content\/uploads\/2023\/12\/CC600-800.png","datePublished":"2023-12-30T12:16:24+00:00","dateModified":"2024-03-04T16:49:48+00:00","breadcrumb":{"@id":"https:\/\/t-refinish.com\/de\/product\/t-cup-2\/#breadcrumb"},"inLanguage":"de","potentialAction":[{"@type":"ReadAction","target":["https:\/\/t-refinish.com\/de\/product\/t-cup-2\/"]}]},{"@type":"ImageObject","inLanguage":"de","@id":"https:\/\/t-refinish.com\/de\/product\/t-cup-2\/#primaryimage","url":"https:\/\/t-refinish.com\/wp-content\/uploads\/2023\/12\/CC600-800.png","contentUrl":"https:\/\/t-refinish.com\/wp-content\/uploads\/2023\/12\/CC600-800.png","width":800,"height":800},{"@type":"BreadcrumbList","@id":"https:\/\/t-refinish.com\/de\/product\/t-cup-2\/#breadcrumb","itemListElement":[{"@type":"ListItem","position":1,"name":"Home","item":"https:\/\/t-refinish.com\/de\/home\/"},{"@type":"ListItem","position":2,"name":"Shop","item":"https:\/\/t-refinish.com\/de\/shop-2\/"},{"@type":"ListItem","position":3,"name":"T-Cup"}]},{"@type":"WebSite","@id":"https:\/\/t-refinish.com\/#website","url":"https:\/\/t-refinish.com\/","name":"T-Refinish","description":"","publisher":{"@id":"https:\/\/t-refinish.com\/#organization"},"potentialAction":[{"@type":"SearchAction","target":{"@type":"EntryPoint","urlTemplate":"https:\/\/t-refinish.com\/?s={search_term_string}"},"query-input":{"@type":"PropertyValueSpecification","valueRequired":true,"valueName":"search_term_string"}}],"inLanguage":"de"},{"@type":"Organization","@id":"https:\/\/t-refinish.com\/#organization","name":"T-Refinish","url":"https:\/\/t-refinish.com\/","logo":{"@type":"ImageObject","inLanguage":"de","@id":"https:\/\/t-refinish.com\/#\/schema\/logo\/image\/","url":"https:\/\/t-refinish.com\/wp-content\/uploads\/2024\/01\/t-refinish-logo-small.png","contentUrl":"https:\/\/t-refinish.com\/wp-content\/uploads\/2024\/01\/t-refinish-logo-small.png","width":1024,"height":204,"caption":"T-Refinish"},"image":{"@id":"https:\/\/t-refinish.com\/#\/schema\/logo\/image\/"},"sameAs":["https:\/\/www.facebook.com\/trefinish\/"]}]}},"_links":{"self":[{"href":"https:\/\/t-refinish.com\/de\/wp-json\/wp\/v2\/product\/1212"}],"collection":[{"href":"https:\/\/t-refinish.com\/de\/wp-json\/wp\/v2\/product"}],"about":[{"href":"https:\/\/t-refinish.com\/de\/wp-json\/wp\/v2\/types\/product"}],"wp:featuredmedia":[{"embeddable":true,"href":"https:\/\/t-refinish.com\/de\/wp-json\/wp\/v2\/media\/736"}],"wp:attachment":[{"href":"https:\/\/t-refinish.com\/de\/wp-json\/wp\/v2\/media?parent=1212"}],"wp:term":[{"taxonomy":"product_cat","embeddable":true,"href":"https:\/\/t-refinish.com\/de\/wp-json\/wp\/v2\/product_cat?post=1212"},{"taxonomy":"product_tag","embeddable":true,"href":"https:\/\/t-refinish.com\/de\/wp-json\/wp\/v2\/product_tag?post=1212"}],"curies":[{"name":"wp","href":"https:\/\/api.w.org\/{rel}","templated":true}]}}