{"id":1208,"date":"2024-01-02T10:07:37","date_gmt":"2024-01-02T10:07:37","guid":{"rendered":"https:\/\/t-refinish.com\/kontaktiere-uns\/"},"modified":"2024-03-02T11:09:51","modified_gmt":"2024-03-02T11:09:51","slug":"kontaktiere-uns","status":"publish","type":"page","link":"https:\/\/t-refinish.com\/de\/kontaktiere-uns\/","title":{"rendered":"Kontaktiere uns"},"content":{"rendered":"\t\t<div data-elementor-type=\"wp-page\" data-elementor-id=\"1208\" class=\"elementor elementor-1208 elementor-199\" data-elementor-post-type=\"page\">\n\t\t\t\t<div class=\"elementor-element elementor-element-fb6a726 e-con-full e-flex e-con e-parent\" data-id=\"fb6a726\" data-element_type=\"container\" data-settings=\"{&quot;background_background&quot;:&quot;classic&quot;}\">\n\t\t<div class=\"elementor-element elementor-element-bb470c6 e-flex e-con-boxed e-con e-child\" data-id=\"bb470c6\" data-element_type=\"container\">\n\t\t\t\t\t<div class=\"e-con-inner\">\n\t\t<div class=\"elementor-element elementor-element-abeec57 e-con-full e-flex e-con e-child\" data-id=\"abeec57\" data-element_type=\"container\">\n\t\t\t\t<div class=\"elementor-element elementor-element-b0aadd8 elementor-widget elementor-widget-heading\" data-id=\"b0aadd8\" data-element_type=\"widget\" data-widget_type=\"heading.default\">\n\t\t\t\t<div class=\"elementor-widget-container\">\n\t\t\t<h1 class=\"elementor-heading-title elementor-size-default\">Kontaktiere uns<\/h1>\t\t<\/div>\n\t\t\t\t<\/div>\n\t\t\t\t<div class=\"elementor-element elementor-element-6048d15 elementor-widget elementor-widget-text-editor\" data-id=\"6048d15\" data-element_type=\"widget\" data-widget_type=\"text-editor.default\">\n\t\t\t\t<div class=\"elementor-widget-container\">\n\t\t\t\t\t\t\t<p>Bitte teilen Sie uns mit, wie wir Sie unterst\u00fctzen k\u00f6nnen! Wenn Sie Fragen zu einem unserer Produkte oder unseren Dienstleistungen haben, f\u00fcllen Sie bitte das untenstehende Formular aus. Wir werden Ihre Anfragen schnellstm\u00f6glich beantworten.  <\/p>\n\t\t\t\t\t\t<\/div>\n\t\t\t\t<\/div>\n\t\t\t\t<div class=\"elementor-element elementor-element-5ad0f4a elementor-align-left elementor-icon-list--layout-traditional elementor-list-item-link-full_width elementor-widget elementor-widget-icon-list\" data-id=\"5ad0f4a\" data-element_type=\"widget\" data-widget_type=\"icon-list.default\">\n\t\t\t\t<div class=\"elementor-widget-container\">\n\t\t\t\t\t<ul class=\"elementor-icon-list-items\">\n\t\t\t\t\t\t\t<li class=\"elementor-icon-list-item\">\n\t\t\t\t\t\t\t\t\t\t\t<a href=\"mailto:info@twimva.com\">\n\n\t\t\t\t\t\t\t\t\t\t\t\t<span class=\"elementor-icon-list-icon\">\n\t\t\t\t\t\t\t<svg aria-hidden=\"true\" class=\"e-font-icon-svg e-fas-envelope\" viewBox=\"0 0 512 512\" xmlns=\"http:\/\/www.w3.org\/2000\/svg\"><path d=\"M502.3 190.8c3.9-3.1 9.7-.2 9.7 4.7V400c0 26.5-21.5 48-48 48H48c-26.5 0-48-21.5-48-48V195.6c0-5 5.7-7.8 9.7-4.7 22.4 17.4 52.1 39.5 154.1 113.6 21.1 15.4 56.7 47.8 92.2 47.6 35.7.3 72-32.8 92.3-47.6 102-74.1 131.6-96.3 154-113.7zM256 320c23.2.4 56.6-29.2 73.4-41.4 132.7-96.3 142.8-104.7 173.4-128.7 5.8-4.5 9.2-11.5 9.2-18.9v-19c0-26.5-21.5-48-48-48H48C21.5 64 0 85.5 0 112v19c0 7.4 3.4 14.3 9.2 18.9 30.6 23.9 40.7 32.4 173.4 128.7 16.8 12.2 50.2 41.8 73.4 41.4z\"><\/path><\/svg>\t\t\t\t\t\t<\/span>\n\t\t\t\t\t\t\t\t\t\t<span class=\"elementor-icon-list-text\">info@t-refinish.com<\/span>\n\t\t\t\t\t\t\t\t\t\t\t<\/a>\n\t\t\t\t\t\t\t\t\t<\/li>\n\t\t\t\t\t\t<\/ul>\n\t\t\t\t<\/div>\n\t\t\t\t<\/div>\n\t\t\t\t<\/div>\n\t\t<div class=\"elementor-element elementor-element-03d140a e-con-full e-flex e-con e-child\" data-id=\"03d140a\" data-element_type=\"container\" data-settings=\"{&quot;background_background&quot;:&quot;classic&quot;}\">\n\t\t\t\t<div class=\"elementor-element elementor-element-4b7c1bd elementor-button-align-stretch elementor-widget elementor-widget-form\" data-id=\"4b7c1bd\" data-element_type=\"widget\" data-settings=\"{&quot;step_next_label&quot;:&quot;Weiter&quot;,&quot;step_previous_label&quot;:&quot;Vorherige&quot;,&quot;button_width&quot;:&quot;100&quot;,&quot;step_type&quot;:&quot;number_text&quot;,&quot;step_icon_shape&quot;:&quot;circle&quot;}\" data-widget_type=\"form.default\">\n\t\t\t\t<div class=\"elementor-widget-container\">\n\t\t\t\t\t<form class=\"elementor-form\" method=\"post\" name=\"New Form\">\n\t\t\t<input type=\"hidden\" name=\"post_id\" value=\"1208\"\/>\n\t\t\t<input type=\"hidden\" name=\"form_id\" value=\"4b7c1bd\"\/>\n\t\t\t<input type=\"hidden\" name=\"referer_title\" value=\"T-Refinish\" \/>\n\n\t\t\t\n\t\t\t<div class=\"elementor-form-fields-wrapper elementor-labels-above\">\n\t\t\t\t\t\t\t\t<div class=\"elementor-field-type-text elementor-field-group elementor-column elementor-field-group-name elementor-col-100 elementor-field-required elementor-mark-required\">\n\t\t\t\t\t\t\t\t\t\t\t\t<label for=\"form-field-name\" class=\"elementor-field-label\">\n\t\t\t\t\t\t\t\tName\t\t\t\t\t\t\t<\/label>\n\t\t\t\t\t\t\t\t\t\t\t\t\t\t<input size=\"1\" type=\"text\" name=\"form_fields[name]\" id=\"form-field-name\" class=\"elementor-field elementor-size-sm  elementor-field-textual\" placeholder=\"Name\" required=\"required\" aria-required=\"true\">\n\t\t\t\t\t\t\t\t\t\t\t<\/div>\n\t\t\t\t\t\t\t\t<div class=\"elementor-field-type-text elementor-field-group elementor-column elementor-field-group-field_cf6806b elementor-col-100 elementor-field-required elementor-mark-required\">\n\t\t\t\t\t\t\t\t\t\t\t\t<label for=\"form-field-field_cf6806b\" class=\"elementor-field-label\">\n\t\t\t\t\t\t\t\tUnternehmen\t\t\t\t\t\t\t<\/label>\n\t\t\t\t\t\t\t\t\t\t\t\t\t\t<input size=\"1\" type=\"text\" name=\"form_fields[field_cf6806b]\" id=\"form-field-field_cf6806b\" class=\"elementor-field elementor-size-sm  elementor-field-textual\" placeholder=\"Unternehmen\" required=\"required\" aria-required=\"true\">\n\t\t\t\t\t\t\t\t\t\t\t<\/div>\n\t\t\t\t\t\t\t\t<div class=\"elementor-field-type-email elementor-field-group elementor-column elementor-field-group-email elementor-col-100 elementor-field-required elementor-mark-required\">\n\t\t\t\t\t\t\t\t\t\t\t\t<label for=\"form-field-email\" class=\"elementor-field-label\">\n\t\t\t\t\t\t\t\tE-Mail\t\t\t\t\t\t\t<\/label>\n\t\t\t\t\t\t\t\t\t\t\t\t\t\t<input size=\"1\" type=\"email\" name=\"form_fields[email]\" id=\"form-field-email\" class=\"elementor-field elementor-size-sm  elementor-field-textual\" placeholder=\"E-Mail\" required=\"required\" aria-required=\"true\">\n\t\t\t\t\t\t\t\t\t\t\t<\/div>\n\t\t\t\t\t\t\t\t<div class=\"elementor-field-type-textarea elementor-field-group elementor-column elementor-field-group-message elementor-col-100 elementor-field-required elementor-mark-required\">\n\t\t\t\t\t\t\t\t\t\t\t\t<label for=\"form-field-message\" class=\"elementor-field-label\">\n\t\t\t\t\t\t\t\tWie k\u00f6nnen wir helfen?\t\t\t\t\t\t\t<\/label>\n\t\t\t\t\t\t<textarea class=\"elementor-field-textual elementor-field  elementor-size-sm\" name=\"form_fields[message]\" id=\"form-field-message\" rows=\"4\" placeholder=\"Ich w\u00fcrde gerne mehr erfahren \u00fcber...\" required=\"required\" aria-required=\"true\"><\/textarea>\t\t\t\t<\/div>\n\t\t\t\t\t\t\t\t<div class=\"elementor-field-type-tel elementor-field-group elementor-column elementor-field-group-field_cee4a2e elementor-col-100\">\n\t\t\t\t\t\t\t\t\t\t\t\t<label for=\"form-field-field_cee4a2e\" class=\"elementor-field-label\">\n\t\t\t\t\t\t\t\tTelefon\t\t\t\t\t\t\t<\/label>\n\t\t\t\t\t\t\t\t<input size=\"1\" type=\"tel\" name=\"form_fields[field_cee4a2e]\" id=\"form-field-field_cee4a2e\" class=\"elementor-field elementor-size-sm  elementor-field-textual\" placeholder=\"+00 0000000\" pattern=\"[0-9()#&amp;+*-=.]+\" title=\"Nur Nummern oder Telefon-Zeichen (#, -, *, etc) werden akzeptiert.\">\n\n\t\t\t\t\t\t<\/div>\n\t\t\t\t\t\t\t\t<div class=\"elementor-field-type-text\">\n\t\t\t\t\t<input size=\"1\" type=\"text\" name=\"form_fields[field_b21c1ef]\" id=\"form-field-field_b21c1ef\" class=\"elementor-field elementor-size-sm \" style=\"display:none !important;\">\t\t\t\t<\/div>\n\t\t\t\t\t\t\t\t<div class=\"elementor-field-group elementor-column elementor-field-type-submit elementor-col-100 e-form__buttons\">\n\t\t\t\t\t<button class=\"elementor-button elementor-size-sm\" type=\"submit\">\n\t\t\t\t\t\t<span class=\"elementor-button-content-wrapper\">\n\t\t\t\t\t\t\t\t\t\t\t\t\t\t\t\t\t\t\t\t\t\t<span class=\"elementor-button-text\">Senden<\/span>\n\t\t\t\t\t\t\t\t\t\t\t\t\t<\/span>\n\t\t\t\t\t<\/button>\n\t\t\t\t<\/div>\n\t\t\t<\/div>\n\t\t<\/form>\n\t\t\t\t<\/div>\n\t\t\t\t<\/div>\n\t\t\t\t<\/div>\n\t\t\t\t\t<\/div>\n\t\t\t\t<\/div>\n\t\t\t\t<\/div>\n\t\t<div class=\"elementor-element elementor-element-203f706 e-con-full e-flex e-con e-parent\" data-id=\"203f706\" data-element_type=\"container\">\n\t\t\t\t<div class=\"elementor-element elementor-element-420f7f9 elementor-widget elementor-widget-google_maps\" data-id=\"420f7f9\" data-element_type=\"widget\" data-widget_type=\"google_maps.default\">\n\t\t\t\t<div class=\"elementor-widget-container\">\n\t\t\t\t\t<div class=\"elementor-custom-embed\">\n\t\t\t<iframe loading=\"lazy\"\n\t\t\t\t\tsrc=\"https:\/\/maps.google.com\/maps?q=Hinmanweg%2013%2C%207575%20BE%20Oldenzaal&#038;t=m&#038;z=14&#038;output=embed&#038;iwloc=near\"\n\t\t\t\t\ttitle=\"Hinmanweg 13, 7575 BE Oldenzaal\"\n\t\t\t\t\taria-label=\"Hinmanweg 13, 7575 BE Oldenzaal\"\n\t\t\t><\/iframe>\n\t\t<\/div>\n\t\t\t\t<\/div>\n\t\t\t\t<\/div>\n\t\t\t\t<\/div>\n\t\t\t\t<\/div>\n\t\t","protected":false},"excerpt":{"rendered":"<p>Kontaktiere uns Bitte teilen Sie uns mit, wie wir Sie unterst\u00fctzen k\u00f6nnen! Wenn Sie Fragen zu einem unserer Produkte oder unseren Dienstleistungen haben, f\u00fcllen Sie bitte das untenstehende Formular aus. Wir werden Ihre Anfragen schnellstm\u00f6glich beantworten. info@t-refinish.com<\/p>\n","protected":false},"author":1,"featured_media":0,"parent":0,"menu_order":0,"comment_status":"closed","ping_status":"closed","template":"","meta":{"footnotes":""},"class_list":["post-1208","page","type-page","status-publish","hentry"],"acf":[],"yoast_head":"<!-- This site is optimized with the Yoast SEO plugin v23.5 - https:\/\/yoast.com\/wordpress\/plugins\/seo\/ -->\n<title>Kontaktiere uns - T-Refinish<\/title>\n<meta name=\"robots\" content=\"index, follow, max-snippet:-1, max-image-preview:large, max-video-preview:-1\" \/>\n<link rel=\"canonical\" href=\"https:\/\/t-refinish.com\/de\/kontaktiere-uns\/\" \/>\n<meta property=\"og:locale\" content=\"de_DE\" \/>\n<meta property=\"og:type\" content=\"article\" \/>\n<meta property=\"og:title\" content=\"Kontaktiere uns - T-Refinish\" \/>\n<meta property=\"og:description\" content=\"Kontaktiere uns Bitte teilen Sie uns mit, wie wir Sie unterst\u00fctzen k\u00f6nnen! Wenn Sie Fragen zu einem unserer Produkte oder unseren Dienstleistungen haben, f\u00fcllen Sie bitte das untenstehende Formular aus. Wir werden Ihre Anfragen schnellstm\u00f6glich beantworten. info@t-refinish.com\" \/>\n<meta property=\"og:url\" content=\"https:\/\/t-refinish.com\/de\/kontaktiere-uns\/\" \/>\n<meta property=\"og:site_name\" content=\"T-Refinish\" \/>\n<meta property=\"article:publisher\" content=\"https:\/\/www.facebook.com\/trefinish\/\" \/>\n<meta property=\"article:modified_time\" content=\"2024-03-02T11:09:51+00:00\" \/>\n<meta name=\"twitter:card\" content=\"summary_large_image\" \/>\n<script type=\"application\/ld+json\" class=\"yoast-schema-graph\">{\"@context\":\"https:\/\/schema.org\",\"@graph\":[{\"@type\":\"WebPage\",\"@id\":\"https:\/\/t-refinish.com\/de\/kontaktiere-uns\/\",\"url\":\"https:\/\/t-refinish.com\/de\/kontaktiere-uns\/\",\"name\":\"Kontaktiere uns - T-Refinish\",\"isPartOf\":{\"@id\":\"https:\/\/t-refinish.com\/#website\"},\"datePublished\":\"2024-01-02T10:07:37+00:00\",\"dateModified\":\"2024-03-02T11:09:51+00:00\",\"breadcrumb\":{\"@id\":\"https:\/\/t-refinish.com\/de\/kontaktiere-uns\/#breadcrumb\"},\"inLanguage\":\"de\",\"potentialAction\":[{\"@type\":\"ReadAction\",\"target\":[\"https:\/\/t-refinish.com\/de\/kontaktiere-uns\/\"]}]},{\"@type\":\"BreadcrumbList\",\"@id\":\"https:\/\/t-refinish.com\/de\/kontaktiere-uns\/#breadcrumb\",\"itemListElement\":[{\"@type\":\"ListItem\",\"position\":1,\"name\":\"Home\",\"item\":\"https:\/\/t-refinish.com\/de\/home\/\"},{\"@type\":\"ListItem\",\"position\":2,\"name\":\"Kontaktiere uns\"}]},{\"@type\":\"WebSite\",\"@id\":\"https:\/\/t-refinish.com\/#website\",\"url\":\"https:\/\/t-refinish.com\/\",\"name\":\"T-Refinish\",\"description\":\"\",\"publisher\":{\"@id\":\"https:\/\/t-refinish.com\/#organization\"},\"potentialAction\":[{\"@type\":\"SearchAction\",\"target\":{\"@type\":\"EntryPoint\",\"urlTemplate\":\"https:\/\/t-refinish.com\/?s={search_term_string}\"},\"query-input\":{\"@type\":\"PropertyValueSpecification\",\"valueRequired\":true,\"valueName\":\"search_term_string\"}}],\"inLanguage\":\"de\"},{\"@type\":\"Organization\",\"@id\":\"https:\/\/t-refinish.com\/#organization\",\"name\":\"T-Refinish\",\"url\":\"https:\/\/t-refinish.com\/\",\"logo\":{\"@type\":\"ImageObject\",\"inLanguage\":\"de\",\"@id\":\"https:\/\/t-refinish.com\/#\/schema\/logo\/image\/\",\"url\":\"https:\/\/t-refinish.com\/wp-content\/uploads\/2024\/01\/t-refinish-logo-small.png\",\"contentUrl\":\"https:\/\/t-refinish.com\/wp-content\/uploads\/2024\/01\/t-refinish-logo-small.png\",\"width\":1024,\"height\":204,\"caption\":\"T-Refinish\"},\"image\":{\"@id\":\"https:\/\/t-refinish.com\/#\/schema\/logo\/image\/\"},\"sameAs\":[\"https:\/\/www.facebook.com\/trefinish\/\"]}]}<\/script>\n<!-- \/ Yoast SEO plugin. -->","yoast_head_json":{"title":"Kontaktiere uns - T-Refinish","robots":{"index":"index","follow":"follow","max-snippet":"max-snippet:-1","max-image-preview":"max-image-preview:large","max-video-preview":"max-video-preview:-1"},"canonical":"https:\/\/t-refinish.com\/de\/kontaktiere-uns\/","og_locale":"de_DE","og_type":"article","og_title":"Kontaktiere uns - T-Refinish","og_description":"Kontaktiere uns Bitte teilen Sie uns mit, wie wir Sie unterst\u00fctzen k\u00f6nnen! Wenn Sie Fragen zu einem unserer Produkte oder unseren Dienstleistungen haben, f\u00fcllen Sie bitte das untenstehende Formular aus. Wir werden Ihre Anfragen schnellstm\u00f6glich beantworten. info@t-refinish.com","og_url":"https:\/\/t-refinish.com\/de\/kontaktiere-uns\/","og_site_name":"T-Refinish","article_publisher":"https:\/\/www.facebook.com\/trefinish\/","article_modified_time":"2024-03-02T11:09:51+00:00","twitter_card":"summary_large_image","schema":{"@context":"https:\/\/schema.org","@graph":[{"@type":"WebPage","@id":"https:\/\/t-refinish.com\/de\/kontaktiere-uns\/","url":"https:\/\/t-refinish.com\/de\/kontaktiere-uns\/","name":"Kontaktiere uns - T-Refinish","isPartOf":{"@id":"https:\/\/t-refinish.com\/#website"},"datePublished":"2024-01-02T10:07:37+00:00","dateModified":"2024-03-02T11:09:51+00:00","breadcrumb":{"@id":"https:\/\/t-refinish.com\/de\/kontaktiere-uns\/#breadcrumb"},"inLanguage":"de","potentialAction":[{"@type":"ReadAction","target":["https:\/\/t-refinish.com\/de\/kontaktiere-uns\/"]}]},{"@type":"BreadcrumbList","@id":"https:\/\/t-refinish.com\/de\/kontaktiere-uns\/#breadcrumb","itemListElement":[{"@type":"ListItem","position":1,"name":"Home","item":"https:\/\/t-refinish.com\/de\/home\/"},{"@type":"ListItem","position":2,"name":"Kontaktiere uns"}]},{"@type":"WebSite","@id":"https:\/\/t-refinish.com\/#website","url":"https:\/\/t-refinish.com\/","name":"T-Refinish","description":"","publisher":{"@id":"https:\/\/t-refinish.com\/#organization"},"potentialAction":[{"@type":"SearchAction","target":{"@type":"EntryPoint","urlTemplate":"https:\/\/t-refinish.com\/?s={search_term_string}"},"query-input":{"@type":"PropertyValueSpecification","valueRequired":true,"valueName":"search_term_string"}}],"inLanguage":"de"},{"@type":"Organization","@id":"https:\/\/t-refinish.com\/#organization","name":"T-Refinish","url":"https:\/\/t-refinish.com\/","logo":{"@type":"ImageObject","inLanguage":"de","@id":"https:\/\/t-refinish.com\/#\/schema\/logo\/image\/","url":"https:\/\/t-refinish.com\/wp-content\/uploads\/2024\/01\/t-refinish-logo-small.png","contentUrl":"https:\/\/t-refinish.com\/wp-content\/uploads\/2024\/01\/t-refinish-logo-small.png","width":1024,"height":204,"caption":"T-Refinish"},"image":{"@id":"https:\/\/t-refinish.com\/#\/schema\/logo\/image\/"},"sameAs":["https:\/\/www.facebook.com\/trefinish\/"]}]}},"_links":{"self":[{"href":"https:\/\/t-refinish.com\/de\/wp-json\/wp\/v2\/pages\/1208"}],"collection":[{"href":"https:\/\/t-refinish.com\/de\/wp-json\/wp\/v2\/pages"}],"about":[{"href":"https:\/\/t-refinish.com\/de\/wp-json\/wp\/v2\/types\/page"}],"author":[{"embeddable":true,"href":"https:\/\/t-refinish.com\/de\/wp-json\/wp\/v2\/users\/1"}],"replies":[{"embeddable":true,"href":"https:\/\/t-refinish.com\/de\/wp-json\/wp\/v2\/comments?post=1208"}],"version-history":[{"count":3,"href":"https:\/\/t-refinish.com\/de\/wp-json\/wp\/v2\/pages\/1208\/revisions"}],"predecessor-version":[{"id":1211,"href":"https:\/\/t-refinish.com\/de\/wp-json\/wp\/v2\/pages\/1208\/revisions\/1211"}],"wp:attachment":[{"href":"https:\/\/t-refinish.com\/de\/wp-json\/wp\/v2\/media?parent=1208"}],"curies":[{"name":"wp","href":"https:\/\/api.w.org\/{rel}","templated":true}]}}